{"id":14,"date":"2021-01-05T09:30:01","date_gmt":"2021-01-05T08:30:01","guid":{"rendered":"https:\/\/maler-evertsberg.de\/radevormwald\/?page_id=14"},"modified":"2021-01-25T09:22:14","modified_gmt":"2021-01-25T08:22:14","slug":"techniken","status":"publish","type":"page","link":"https:\/\/maler-evertsberg.de\/radevormwald\/techniken\/","title":{"rendered":"Techniken"},"content":{"rendered":"<div class=\"row\"> <div class=\"col-md-6  \">\n<p><img loading=\"lazy\" decoding=\"async\" class=\"alignnone size-full wp-image-183\" src=\"https:\/\/maler-evertsberg.de\/radevormwald\/wp-content\/uploads\/2021\/01\/aufmacher-technik.jpg\" alt=\"\" width=\"346\" height=\"227\" srcset=\"https:\/\/maler-evertsberg.de\/radevormwald\/wp-content\/uploads\/2021\/01\/aufmacher-technik.jpg 346w, https:\/\/maler-evertsberg.de\/radevormwald\/wp-content\/uploads\/2021\/01\/aufmacher-technik-300x197.jpg 300w\" sizes=\"auto, (max-width: 346px) 100vw, 346px\" \/><br \/>\n<\/div><div class=\"col-md-6  \">\n<p><strong>Techniken<\/strong><\/p>\n<p>Dank der stetigen technischen Weiterentwicklung<br \/>\ngibt es heute in der Farb- und Raumgestaltung praktisch<br \/>\nkeine Grenzen mehr. Neben der Optik spielen auch<br \/>\n\u00f6kologische und wirtschaftliche Aspekte vermehrt eine Rolle.<\/p>\n<p>Es gibt Wandbel\u00e4ge, die Luftschadstoffe absorbieren,<br \/>\ndie den Wasserdampfaustausch je nach Anforderung f\u00f6rdern<br \/>\nbzw. bremsen, die resistent gegen Verschmutzungen sind,<br \/>\ndie einen erh\u00f6hten Schutz gegen Entflammbarkeit bieten u.v.m.<\/p>\n<p>Wir m\u00f6chten Ihnen an dieser Stelle einige Techniken vorstellen:<\/p>\n<\/div><\/div>\n<div class=\"row\"> <div class=\"col-md-6  \">\n<figure id=\"attachment_185\" class=\"thumbnail wp-caption alignnone\" style=\"width: 346px\"><img loading=\"lazy\" decoding=\"async\" class=\"wp-image-185 size-full\" src=\"https:\/\/maler-evertsberg.de\/radevormwald\/wp-content\/uploads\/2021\/01\/Wischtechnik.jpg\" alt=\"\" width=\"346\" height=\"156\" srcset=\"https:\/\/maler-evertsberg.de\/radevormwald\/wp-content\/uploads\/2021\/01\/Wischtechnik.jpg 346w, https:\/\/maler-evertsberg.de\/radevormwald\/wp-content\/uploads\/2021\/01\/Wischtechnik-300x135.jpg 300w\" sizes=\"auto, (max-width: 346px) 100vw, 346px\" \/><figcaption class=\"caption wp-caption-text\">Wischtechnik<\/figcaption><\/figure>\n<\/div><div class=\"col-md-6  \">\n<p><strong>Wischtechnik<\/strong><\/p>\n<p>Charakteristisch ist eine dreidiemensionale, harmonische Farbzusammenstellung mit sanften Hell \/ Dunkel Schattierungen und Nuancen.<\/p>\n<p>Die endg\u00fcltige Farbwirkung der Wischtechnik wird erst nach dem Auftrag der unterschiedlichen Lasurschichten sichtbar. Dabei entsteht der Farbton erst auf der Wand und nicht schon im<br \/>\nVorfeld beim Zusammenmischen der verwendeten Farben. Der Untergrund, auf dem die Wischtechnik in zwei bis drei Schichten aufgebracht wird, sollte schwachsaugend sein, z.B. Rauhfaser oder Putz.<\/p>\n<\/div><\/div>\n<div class=\"row\"> <div class=\"col-md-6  \">\n<figure id=\"attachment_192\" class=\"thumbnail wp-caption alignnone\" style=\"width: 346px\"><img loading=\"lazy\" decoding=\"async\" class=\"wp-image-192 size-full\" src=\"https:\/\/maler-evertsberg.de\/radevormwald\/wp-content\/uploads\/2021\/01\/Venezianisches-Stucco.jpg\" alt=\"\" width=\"346\" height=\"263\" srcset=\"https:\/\/maler-evertsberg.de\/radevormwald\/wp-content\/uploads\/2021\/01\/Venezianisches-Stucco.jpg 346w, https:\/\/maler-evertsberg.de\/radevormwald\/wp-content\/uploads\/2021\/01\/Venezianisches-Stucco-300x228.jpg 300w\" sizes=\"auto, (max-width: 346px) 100vw, 346px\" \/><figcaption class=\"caption wp-caption-text\">Venezianisches Stucco<\/figcaption><\/figure>\n<\/div><div class=\"col-md-6  \">\n<strong>Venezianisches Stucco<\/strong><\/p>\n<p>ist eine Bezeichnung f\u00fcr eine aktuelle Variante traditioneller venezianischer Gl\u00e4ttetechniken. Moderne Produkte auf Dispersionsbasis ersetzen hierbei die traditionellen Werkstoffe Marmor und Kalk.<\/p>\n<p>In der bekannten Fleckspachteltechnik werden mehrere sehr feinen Schichten \u00fcberlagert und vermitteln so das Bild ruhiger oder lebendiger Oberfl\u00e4chen.<\/p>\n<p>Die Kombinierung mit Metallic-Effekten und \/oder Wachs ergibt v\u00f6llig neue eigenst\u00e4ndige Oberfl\u00e4chen, die mit den klassischen Spachteltechniken praktisch nicht mehr vergleichbar sind.<\/p>\n<p>Dank der modernen Werkstoffe ist die Verarbeitung relativ schnell und problemlos und durch die Kombinationsm\u00f6glichkeiten mit anderen modernen Werkstoffen erreicht man v\u00f6llig neue gestalterische Dimensionen.<\/div><div class=\"col-md-6  \">\n<div class=\"row\"><\/div> <div class=\"col-md-6  \"><\/div>\n<figure id=\"attachment_193\" class=\"thumbnail wp-caption alignnone\" style=\"width: 346px\"><img loading=\"lazy\" decoding=\"async\" class=\"wp-image-193 size-full\" src=\"https:\/\/maler-evertsberg.de\/radevormwald\/wp-content\/uploads\/2021\/01\/Kalk-Glaettetechnik.jpg\" alt=\"\" width=\"346\" height=\"154\" srcset=\"https:\/\/maler-evertsberg.de\/radevormwald\/wp-content\/uploads\/2021\/01\/Kalk-Glaettetechnik.jpg 346w, https:\/\/maler-evertsberg.de\/radevormwald\/wp-content\/uploads\/2021\/01\/Kalk-Glaettetechnik-300x134.jpg 300w\" sizes=\"auto, (max-width: 346px) 100vw, 346px\" \/><figcaption class=\"caption wp-caption-text\">Kalk-Gl\u00e4ttetechnik<\/figcaption><\/figure>\n<\/div><div class=\"col-md-6  \">\n<p><strong>Kalk-Gl\u00e4ttetechnik<\/strong><\/p>\n<p>Schon seit Jahrtausenden ist Kalk sowohl als Malmittel als auch Bindemittel etabliert und beliebt. Von den Tempeln der Antike \u00fcber mittelalterliche Pal\u00e4ste bis hin zur heutigen Architektur, Kalk erfreut sich grosser Beliebtheit und hat ein sehr breites Spektrum an Einsatz- und Gestaltungsm\u00f6glichkeiten.<br \/>\nDie Vorteile von Kalk sind u.a. die Resistenz gegen Schimmel und Algen, die lange Lebensdauer und die gute Aussbesserungsf\u00e4higkeit. Zudem ist Kalk nicht brennbar, als baubiologisch einwandfrei eingestuft und dauerhaft lichtecht, wenn der Kalk mit mineralischen Komponenten get\u00f6nt wurde.<\/p>\n<\/div><\/div>\n<p>&nbsp;<\/p>\n<div class=\"row\"> <div class=\"col-md-6  \">\n<figure id=\"attachment_194\" class=\"thumbnail wp-caption alignnone\" style=\"width: 346px\"><img loading=\"lazy\" decoding=\"async\" class=\"wp-image-194 size-full\" src=\"https:\/\/maler-evertsberg.de\/radevormwald\/wp-content\/uploads\/2021\/01\/Lasurtechnik.jpg\" alt=\"\" width=\"346\" height=\"150\" srcset=\"https:\/\/maler-evertsberg.de\/radevormwald\/wp-content\/uploads\/2021\/01\/Lasurtechnik.jpg 346w, https:\/\/maler-evertsberg.de\/radevormwald\/wp-content\/uploads\/2021\/01\/Lasurtechnik-300x130.jpg 300w\" sizes=\"auto, (max-width: 346px) 100vw, 346px\" \/><figcaption class=\"caption wp-caption-text\">Lasurtechnik<\/figcaption><\/figure>\n<\/div><div class=\"col-md-6  \">\n<p><strong>Lasurtechnik<\/strong><\/p>\n<p>Die Lasurtechnik ist eine traditionelle Malertechnik,<br \/>\ndie bis heute nichts an Ihren Vorz\u00fcgen eingeb\u00fc\u00dft hat.<br \/>\nR\u00e4umliche Tiefenwirkungen werden duch die Verwendung verschiedender Farben und Farbnuancen simuliert und daher<br \/>\nvom Betrachter als sehr angenehm empfunden. Die<br \/>\nunterschiedlichsten Materialien lassen sich f\u00fcr die Lasurtechnik verwenden und dadurch kann man eine nahezu unbegrenzte Anzahl<br \/>\nan Effekten erzielen, die f\u00fcr ein behagliches und wohnliches<br \/>\nRaumklima sorgen.<\/p>\n<\/div><\/div>\n<p>&nbsp;<\/p>\n<div class=\"row\"> <div class=\"col-md-6  \">\n<figure id=\"attachment_195\" class=\"thumbnail wp-caption alignnone\" style=\"width: 346px\"><img loading=\"lazy\" decoding=\"async\" class=\"wp-image-195 size-full\" src=\"https:\/\/maler-evertsberg.de\/radevormwald\/wp-content\/uploads\/2021\/01\/cq.jpg\" alt=\"\" width=\"346\" height=\"200\" srcset=\"https:\/\/maler-evertsberg.de\/radevormwald\/wp-content\/uploads\/2021\/01\/cq.jpg 346w, https:\/\/maler-evertsberg.de\/radevormwald\/wp-content\/uploads\/2021\/01\/cq-300x173.jpg 300w\" sizes=\"auto, (max-width: 346px) 100vw, 346px\" \/><figcaption class=\"caption wp-caption-text\"><strong>Capadecor Capaquarz<\/strong><\/figcaption><\/figure>\n<\/div><div class=\"col-md-6  \">\n<p><strong>Capadecor Capaquarz<\/strong><\/p>\n<p>\u00dcberwiegend mineralischer Wandbelag mit quarzbeschichteter, strukturierter Oberfl\u00e4che f\u00fcr den Innenbereich. Durch Kombination der Dessins mit Farbton und Glanzgrad des Beschichtungswerkstoffs k\u00f6nnen \u00e4u\u00dferst attraktive Wandoberfl\u00e4chen gestaltet werden. Capadecor Capaquarz besteht aus einem Glasvlies mit einer Quarzsandbeschichtung. Das Vliesmaterial wird aus rein mineralischen Glasfasern mit einem Durchmesser &gt; 5 \u03bcm hergestellt und ist damit nicht lungeng\u00e4ngig. Grunds\u00e4tzlich werden nach der Beschichtung von Capadecor Capaquarz keine Glasfasern mehr freigesetzt.<\/p>\n<\/div><\/div>\n<div class=\"row\"> <div class=\"col-md-6  \">\n<figure id=\"attachment_196\" class=\"thumbnail wp-caption alignnone\" style=\"width: 346px\"><img loading=\"lazy\" decoding=\"async\" class=\"wp-image-196 size-full\" src=\"https:\/\/maler-evertsberg.de\/radevormwald\/wp-content\/uploads\/2021\/01\/cplfk.jpg\" alt=\"\" width=\"346\" height=\"150\" srcset=\"https:\/\/maler-evertsberg.de\/radevormwald\/wp-content\/uploads\/2021\/01\/cplfk.jpg 346w, https:\/\/maler-evertsberg.de\/radevormwald\/wp-content\/uploads\/2021\/01\/cplfk-300x130.jpg 300w\" sizes=\"auto, (max-width: 346px) 100vw, 346px\" \/><figcaption class=\"caption wp-caption-text\">Capafloc<\/figcaption><\/figure>\n<\/div><div class=\"col-md-6  \">\n<p><strong>Capafloc<\/strong><\/p>\n<p>Capadecor Vario-Beschichtungen sind au\u00dferordentlich variabel<br \/>\neinsetzbar, weil sie sich wegen ihrer Mehrfarbigkeit leicht<br \/>\nin unterschiedlichste Raumkonzepte einf\u00fcgen. Ihre wirtschaftlichen<br \/>\nVerarbeitungstechniken und hohen Belastungsgrade entsprechen<br \/>\nmodernen Anforderungen an Produkte, mit denen attraktiv und<br \/>\nbedarfsgerecht gestaltet werden kann, sowohl in Neubauten als<br \/>\nauch im Renovierungsfall. Eine flotte Sache f\u00fcr R\u00e4ume, die bislang<br \/>\noptisch vernachl\u00e4ssigt wurden: Flure, Aufenthaltsr\u00e4ume und B\u00fcros,<br \/>\nKonferenz und Empfangsbereiche und Privatr\u00e4ume.<\/p>\n<\/div><\/div>\n<p>&nbsp;<\/p>\n","protected":false},"excerpt":{"rendered":"<p>&nbsp; &nbsp; &nbsp;<\/p>\n","protected":false},"author":1,"featured_media":89,"parent":0,"menu_order":0,"comment_status":"closed","ping_status":"closed","template":"page-feature.php","meta":{"kt_blocks_editor_width":"","footnotes":""},"class_list":["post-14","page","type-page","status-publish","has-post-thumbnail","hentry"],"_links":{"self":[{"href":"https:\/\/maler-evertsberg.de\/radevormwald\/wp-json\/wp\/v2\/pages\/14","targetHints":{"allow":["GET"]}}],"collection":[{"href":"https:\/\/maler-evertsberg.de\/radevormwald\/wp-json\/wp\/v2\/pages"}],"about":[{"href":"https:\/\/maler-evertsberg.de\/radevormwald\/wp-json\/wp\/v2\/types\/page"}],"author":[{"embeddable":true,"href":"https:\/\/maler-evertsberg.de\/radevormwald\/wp-json\/wp\/v2\/users\/1"}],"replies":[{"embeddable":true,"href":"https:\/\/maler-evertsberg.de\/radevormwald\/wp-json\/wp\/v2\/comments?post=14"}],"version-history":[{"count":10,"href":"https:\/\/maler-evertsberg.de\/radevormwald\/wp-json\/wp\/v2\/pages\/14\/revisions"}],"predecessor-version":[{"id":204,"href":"https:\/\/maler-evertsberg.de\/radevormwald\/wp-json\/wp\/v2\/pages\/14\/revisions\/204"}],"wp:featuredmedia":[{"embeddable":true,"href":"https:\/\/maler-evertsberg.de\/radevormwald\/wp-json\/wp\/v2\/media\/89"}],"wp:attachment":[{"href":"https:\/\/maler-evertsberg.de\/radevormwald\/wp-json\/wp\/v2\/media?parent=14"}],"curies":[{"name":"wp","href":"https:\/\/api.w.org\/{rel}","templated":true}]}}