{"id":16,"date":"2021-01-05T09:30:22","date_gmt":"2021-01-05T08:30:22","guid":{"rendered":"https:\/\/maler-evertsberg.de\/radevormwald\/?page_id=16"},"modified":"2021-01-21T10:31:47","modified_gmt":"2021-01-21T09:31:47","slug":"projekte","status":"publish","type":"page","link":"https:\/\/maler-evertsberg.de\/radevormwald\/projekte\/","title":{"rendered":"Projekte"},"content":{"rendered":"<p>Seit der Gr\u00fcndung unserer Firma im Jahre 1883 durften wir f\u00fcr zahlreiche Firmen und Privatpersonen in Radevormwald in den Bereichen Farb- und Raumgestaltung, Boden- und Wandbel\u00e4ge, W\u00e4rmed\u00e4mmungen u.v.m. t\u00e4tig sein.<\/p>\n<p>Hier erhalten Sie einen kleinen Einblick in bereits realisierte Projekte. Die Galerie wird st\u00e4ndig erweitert, schauen Sie doch in K\u00fcrze nochmal vorbei, Vielen Dank !<\/p>\n<h2>Historisches Anwesen im Oberbergischen<\/h2>\n\n<br class=\"clear\" \/><\/p>\n<h2>Historisches Anwesen im Oberbergischen<\/h2>\n\n<div id=\"kad-wp-gallery233\" class=\"kad-wp-gallery gallery kt-gallery-column-3 init-isotope-intrinsic reinit-isotope kad-light-wp-gallery clearfix rowtight\" data-fade-in=\"1\" data-iso-selector=\".g_item\" data-iso-style=\"masonry\" data-iso-filter=\"false\"><div class=\"tcol-lg-4 tcol-md-4 tcol-sm-4 tcol-xs-6 tcol-ss-12 g_item\"><div class=\"grid_item kt_item_fade_in kad_gallery_fade_in gallery_item\"><a href=\"https:\/\/maler-evertsberg.de\/radevormwald\/wp-content\/uploads\/2021\/01\/evertsberg-3-xl.jpg\" data-rel=\"lightbox\" class=\"lightboxhover\"><div class=\"kt-intrinsic\" style=\"padding-bottom:100%;\"><div itemprop=\"image\" itemscope itemtype=\"https:\/\/schema.org\/ImageObject\"><img loading=\"lazy\" decoding=\"async\" width=\"366\" height=\"366\" src=\"https:\/\/maler-evertsberg.de\/radevormwald\/wp-content\/uploads\/2021\/01\/evertsberg-3-xl-366x366.jpg\" srcset=\"https:\/\/maler-evertsberg.de\/radevormwald\/wp-content\/uploads\/2021\/01\/evertsberg-3-xl-366x366.jpg 366w, https:\/\/maler-evertsberg.de\/radevormwald\/wp-content\/uploads\/2021\/01\/evertsberg-3-xl-150x150.jpg 150w\" sizes=\"auto, (max-width: 366px) 100vw, 366px\" data-caption=\"Johanniter Krankenhaus Radevormwald\" class=\"light-dropshaddow\" itemprop=\"contentUrl\" alt=\"\"><meta itemprop=\"url\" content=\"https:\/\/maler-evertsberg.de\/radevormwald\/wp-content\/uploads\/2021\/01\/evertsberg-3-xl-366x366.jpg\"><meta itemprop=\"width\" content=\"366px\"><meta itemprop=\"height\" content=\"366px\"><\/div><\/div><div class=\"caption kad_caption\"><div class=\"kad_caption_inner\">Johanniter Krankenhaus Radevormwald<\/div><\/div><\/a><\/div><\/div><div class=\"tcol-lg-4 tcol-md-4 tcol-sm-4 tcol-xs-6 tcol-ss-12 g_item\"><div class=\"grid_item kt_item_fade_in kad_gallery_fade_in gallery_item\"><a href=\"https:\/\/maler-evertsberg.de\/radevormwald\/wp-content\/uploads\/2021\/01\/evertsberg-4-xl.jpg\" data-rel=\"lightbox\" class=\"lightboxhover\"><div class=\"kt-intrinsic\" style=\"padding-bottom:100%;\"><div itemprop=\"image\" itemscope itemtype=\"https:\/\/schema.org\/ImageObject\"><img loading=\"lazy\" decoding=\"async\" width=\"366\" height=\"366\" src=\"https:\/\/maler-evertsberg.de\/radevormwald\/wp-content\/uploads\/2021\/01\/evertsberg-4-xl-366x366.jpg\" srcset=\"https:\/\/maler-evertsberg.de\/radevormwald\/wp-content\/uploads\/2021\/01\/evertsberg-4-xl-366x366.jpg 366w, https:\/\/maler-evertsberg.de\/radevormwald\/wp-content\/uploads\/2021\/01\/evertsberg-4-xl-150x150.jpg 150w, https:\/\/maler-evertsberg.de\/radevormwald\/wp-content\/uploads\/2021\/01\/evertsberg-4-xl-400x400.jpg 400w\" sizes=\"auto, (max-width: 366px) 100vw, 366px\" data-caption=\"Johanniter Krankenhaus Radevormwald\" class=\"light-dropshaddow\" itemprop=\"contentUrl\" alt=\"\"><meta itemprop=\"url\" content=\"https:\/\/maler-evertsberg.de\/radevormwald\/wp-content\/uploads\/2021\/01\/evertsberg-4-xl-366x366.jpg\"><meta itemprop=\"width\" content=\"366px\"><meta itemprop=\"height\" content=\"366px\"><\/div><\/div><div class=\"caption kad_caption\"><div class=\"kad_caption_inner\">Johanniter Krankenhaus Radevormwald<\/div><\/div><\/a><\/div><\/div><div class=\"tcol-lg-4 tcol-md-4 tcol-sm-4 tcol-xs-6 tcol-ss-12 g_item\"><div class=\"grid_item kt_item_fade_in kad_gallery_fade_in gallery_item\"><a href=\"https:\/\/maler-evertsberg.de\/radevormwald\/wp-content\/uploads\/2021\/01\/evertsberg-5-xl.jpg\" data-rel=\"lightbox\" class=\"lightboxhover\"><div class=\"kt-intrinsic\" style=\"padding-bottom:100%;\"><div itemprop=\"image\" itemscope itemtype=\"https:\/\/schema.org\/ImageObject\"><img loading=\"lazy\" decoding=\"async\" width=\"366\" height=\"366\" src=\"https:\/\/maler-evertsberg.de\/radevormwald\/wp-content\/uploads\/2021\/01\/evertsberg-5-xl-366x366.jpg\" srcset=\"https:\/\/maler-evertsberg.de\/radevormwald\/wp-content\/uploads\/2021\/01\/evertsberg-5-xl-366x366.jpg 366w, https:\/\/maler-evertsberg.de\/radevormwald\/wp-content\/uploads\/2021\/01\/evertsberg-5-xl-150x150.jpg 150w, https:\/\/maler-evertsberg.de\/radevormwald\/wp-content\/uploads\/2021\/01\/evertsberg-5-xl-400x400.jpg 400w\" sizes=\"auto, (max-width: 366px) 100vw, 366px\" data-caption=\"Johanniter Krankenhaus Radevormwald\" class=\"light-dropshaddow\" itemprop=\"contentUrl\" alt=\"\"><meta itemprop=\"url\" content=\"https:\/\/maler-evertsberg.de\/radevormwald\/wp-content\/uploads\/2021\/01\/evertsberg-5-xl-366x366.jpg\"><meta itemprop=\"width\" content=\"366px\"><meta itemprop=\"height\" content=\"366px\"><\/div><\/div><div class=\"caption kad_caption\"><div class=\"kad_caption_inner\">Johanniter Krankenhaus Radevormwald<\/div><\/div><\/a><\/div><\/div><div class=\"tcol-lg-4 tcol-md-4 tcol-sm-4 tcol-xs-6 tcol-ss-12 g_item\"><div class=\"grid_item kt_item_fade_in kad_gallery_fade_in gallery_item\"><a href=\"https:\/\/maler-evertsberg.de\/radevormwald\/wp-content\/uploads\/2021\/01\/evertsberg-6-xl.jpg\" data-rel=\"lightbox\" class=\"lightboxhover\"><div class=\"kt-intrinsic\" style=\"padding-bottom:100%;\"><div itemprop=\"image\" itemscope itemtype=\"https:\/\/schema.org\/ImageObject\"><img loading=\"lazy\" decoding=\"async\" width=\"366\" height=\"366\" src=\"https:\/\/maler-evertsberg.de\/radevormwald\/wp-content\/uploads\/2021\/01\/evertsberg-6-xl-366x366.jpg\" srcset=\"https:\/\/maler-evertsberg.de\/radevormwald\/wp-content\/uploads\/2021\/01\/evertsberg-6-xl-366x366.jpg 366w, https:\/\/maler-evertsberg.de\/radevormwald\/wp-content\/uploads\/2021\/01\/evertsberg-6-xl-150x150.jpg 150w\" sizes=\"auto, (max-width: 366px) 100vw, 366px\" data-caption=\"Johanniter Krankenhaus Radevormwald\" class=\"light-dropshaddow\" itemprop=\"contentUrl\" alt=\"\"><meta itemprop=\"url\" content=\"https:\/\/maler-evertsberg.de\/radevormwald\/wp-content\/uploads\/2021\/01\/evertsberg-6-xl-366x366.jpg\"><meta itemprop=\"width\" content=\"366px\"><meta itemprop=\"height\" content=\"366px\"><\/div><\/div><div class=\"caption kad_caption\"><div class=\"kad_caption_inner\">Johanniter Krankenhaus Radevormwald<\/div><\/div><\/a><\/div><\/div><div class=\"tcol-lg-4 tcol-md-4 tcol-sm-4 tcol-xs-6 tcol-ss-12 g_item\"><div class=\"grid_item kt_item_fade_in kad_gallery_fade_in gallery_item\"><a href=\"https:\/\/maler-evertsberg.de\/radevormwald\/wp-content\/uploads\/2021\/01\/evertsberg-1-xl.jpg\" data-rel=\"lightbox\" class=\"lightboxhover\"><div class=\"kt-intrinsic\" style=\"padding-bottom:100%;\"><div itemprop=\"image\" itemscope itemtype=\"https:\/\/schema.org\/ImageObject\"><img loading=\"lazy\" decoding=\"async\" width=\"366\" height=\"366\" src=\"https:\/\/maler-evertsberg.de\/radevormwald\/wp-content\/uploads\/2021\/01\/evertsberg-1-xl-366x366.jpg\" srcset=\"https:\/\/maler-evertsberg.de\/radevormwald\/wp-content\/uploads\/2021\/01\/evertsberg-1-xl-366x366.jpg 366w, https:\/\/maler-evertsberg.de\/radevormwald\/wp-content\/uploads\/2021\/01\/evertsberg-1-xl-150x150.jpg 150w, https:\/\/maler-evertsberg.de\/radevormwald\/wp-content\/uploads\/2021\/01\/evertsberg-1-xl-400x400.jpg 400w\" sizes=\"auto, (max-width: 366px) 100vw, 366px\" data-caption=\"     Sparkasse Radevormwald, Niederlassung Dahlerau\" class=\"light-dropshaddow\" itemprop=\"contentUrl\" alt=\"\"><meta itemprop=\"url\" content=\"https:\/\/maler-evertsberg.de\/radevormwald\/wp-content\/uploads\/2021\/01\/evertsberg-1-xl-366x366.jpg\"><meta itemprop=\"width\" content=\"366px\"><meta itemprop=\"height\" content=\"366px\"><\/div><\/div><div class=\"caption kad_caption\"><div class=\"kad_caption_inner\">     Sparkasse Radevormwald, Niederlassung Dahlerau<\/div><\/div><\/a><\/div><\/div><div class=\"tcol-lg-4 tcol-md-4 tcol-sm-4 tcol-xs-6 tcol-ss-12 g_item\"><div class=\"grid_item kt_item_fade_in kad_gallery_fade_in gallery_item\"><a href=\"https:\/\/maler-evertsberg.de\/radevormwald\/wp-content\/uploads\/2021\/01\/evertsberg-2-xl.jpg\" data-rel=\"lightbox\" class=\"lightboxhover\"><div class=\"kt-intrinsic\" style=\"padding-bottom:100%;\"><div itemprop=\"image\" itemscope itemtype=\"https:\/\/schema.org\/ImageObject\"><img loading=\"lazy\" decoding=\"async\" width=\"366\" height=\"366\" src=\"https:\/\/maler-evertsberg.de\/radevormwald\/wp-content\/uploads\/2021\/01\/evertsberg-2-xl-366x366.jpg\" srcset=\"https:\/\/maler-evertsberg.de\/radevormwald\/wp-content\/uploads\/2021\/01\/evertsberg-2-xl-366x366.jpg 366w, https:\/\/maler-evertsberg.de\/radevormwald\/wp-content\/uploads\/2021\/01\/evertsberg-2-xl-150x150.jpg 150w\" sizes=\"auto, (max-width: 366px) 100vw, 366px\" data-caption=\"     Besprechungsraum Klaus Kuhn Edelstahl, Radevormwald\" class=\"light-dropshaddow\" itemprop=\"contentUrl\" alt=\"\"><meta itemprop=\"url\" content=\"https:\/\/maler-evertsberg.de\/radevormwald\/wp-content\/uploads\/2021\/01\/evertsberg-2-xl-366x366.jpg\"><meta itemprop=\"width\" content=\"366px\"><meta itemprop=\"height\" content=\"366px\"><\/div><\/div><div class=\"caption kad_caption\"><div class=\"kad_caption_inner\">     Besprechungsraum Klaus Kuhn Edelstahl, Radevormwald<\/div><\/div><\/a><\/div><\/div><\/div>\n","protected":false},"excerpt":{"rendered":"<p>Seit der Gr\u00fcndung unserer Firma im Jahre 1883 durften wir f\u00fcr zahlreiche Firmen und Privatpersonen in Radevormwald in den Bereichen Farb- und Raumgestaltung, Boden- und Wandbel\u00e4ge, W\u00e4rmed\u00e4mmungen u.v.m. t\u00e4tig sein. Hier erhalten Sie einen kleinen Einblick in bereits realisierte Projekte. &hellip; <a class=\"kt-excerpt-readmore\" href=\"https:\/\/maler-evertsberg.de\/radevormwald\/projekte\/\" aria-label=\"Projekte\">Read More<\/a><\/p>\n","protected":false},"author":1,"featured_media":94,"parent":0,"menu_order":0,"comment_status":"closed","ping_status":"closed","template":"page-feature.php","meta":{"kt_blocks_editor_width":"","footnotes":""},"class_list":["post-16","page","type-page","status-publish","has-post-thumbnail","hentry"],"_links":{"self":[{"href":"https:\/\/maler-evertsberg.de\/radevormwald\/wp-json\/wp\/v2\/pages\/16","targetHints":{"allow":["GET"]}}],"collection":[{"href":"https:\/\/maler-evertsberg.de\/radevormwald\/wp-json\/wp\/v2\/pages"}],"about":[{"href":"https:\/\/maler-evertsberg.de\/radevormwald\/wp-json\/wp\/v2\/types\/page"}],"author":[{"embeddable":true,"href":"https:\/\/maler-evertsberg.de\/radevormwald\/wp-json\/wp\/v2\/users\/1"}],"replies":[{"embeddable":true,"href":"https:\/\/maler-evertsberg.de\/radevormwald\/wp-json\/wp\/v2\/comments?post=16"}],"version-history":[{"count":8,"href":"https:\/\/maler-evertsberg.de\/radevormwald\/wp-json\/wp\/v2\/pages\/16\/revisions"}],"predecessor-version":[{"id":124,"href":"https:\/\/maler-evertsberg.de\/radevormwald\/wp-json\/wp\/v2\/pages\/16\/revisions\/124"}],"wp:featuredmedia":[{"embeddable":true,"href":"https:\/\/maler-evertsberg.de\/radevormwald\/wp-json\/wp\/v2\/media\/94"}],"wp:attachment":[{"href":"https:\/\/maler-evertsberg.de\/radevormwald\/wp-json\/wp\/v2\/media?parent=16"}],"curies":[{"name":"wp","href":"https:\/\/api.w.org\/{rel}","templated":true}]}}