{"id":36,"date":"2021-01-05T09:33:32","date_gmt":"2021-01-05T08:33:32","guid":{"rendered":"https:\/\/maler-evertsberg.de\/radevormwald\/?page_id=36"},"modified":"2021-01-25T08:24:34","modified_gmt":"2021-01-25T07:24:34","slug":"industrieanstriche","status":"publish","type":"page","link":"https:\/\/maler-evertsberg.de\/radevormwald\/industrieanstriche\/","title":{"rendered":"Industrieanstriche"},"content":{"rendered":"<p>Industrieanstriche, strapazierf\u00e4hige und abwaschbare Wandbel\u00e4ge<\/p>\n<p>Unsere Industriekunden haben die unterschiedlichsten Anforderungen an B\u00f6den und W\u00e4nde.<br \/>\nDie Boden- und Wandbel\u00e4ge sind z.T. hohen mechanischen, chemischen und thermischen Belastungen ausgesetzt, zudem sollen die W\u00e4nde und B\u00f6den auch sch\u00f6n aussehen und eine lange Lebensdauer aufweisen.<\/p>\n<p>In Krankenh\u00e4usern ist zus\u00e4tzlich zu beachten, das W\u00e4nde und B\u00f6den leicht gereinigt und desinfiziert werden k\u00f6nnen.<\/p>\n<p>Dank unserer langj\u00e4hrigen Erfahrung in der Verarbeitung der Wand- und Bodenbel\u00e4ge und der Zusammenarbeit mit Partnern wie z.B. Caparol und Vorwerk ist es uns m\u00f6glich, auch h\u00f6chste Anspr\u00fcche und Normen zu erf\u00fcllen und die Arbeiten nach dem neusten Stand der Technik durchzuf\u00fchren.<\/p>\n<p><img loading=\"lazy\" decoding=\"async\" class=\"alignleft wp-image-162\" src=\"https:\/\/maler-evertsberg.de\/radevormwald\/wp-content\/uploads\/2021\/01\/evertsberg-9.jpg\" alt=\"\" width=\"454\" height=\"220\" srcset=\"https:\/\/maler-evertsberg.de\/radevormwald\/wp-content\/uploads\/2021\/01\/evertsberg-9.jpg 382w, https:\/\/maler-evertsberg.de\/radevormwald\/wp-content\/uploads\/2021\/01\/evertsberg-9-300x145.jpg 300w\" sizes=\"auto, (max-width: 454px) 100vw, 454px\" \/><figure id=\"attachment_115\" class=\"thumbnail wp-caption alignleft\" style=\"width: 304px\"><img loading=\"lazy\" decoding=\"async\" class=\"wp-image-115 \" src=\"https:\/\/maler-evertsberg.de\/radevormwald\/wp-content\/uploads\/2021\/01\/evertsberg-4-xl.jpg\" alt=\"Abb.: Abwaschbarer Wandbelag (Tapete) im Johanniter Krankenhaus Radevormwald\" width=\"304\" height=\"220\" srcset=\"https:\/\/maler-evertsberg.de\/radevormwald\/wp-content\/uploads\/2021\/01\/evertsberg-4-xl.jpg 605w, https:\/\/maler-evertsberg.de\/radevormwald\/wp-content\/uploads\/2021\/01\/evertsberg-4-xl-300x217.jpg 300w, https:\/\/maler-evertsberg.de\/radevormwald\/wp-content\/uploads\/2021\/01\/evertsberg-4-xl-366x264.jpg 366w\" sizes=\"auto, (max-width: 304px) 100vw, 304px\" \/><figcaption class=\"caption wp-caption-text\">Abb.: Abwaschbarer Wandbelag (Tapete) im Johanniter Krankenhaus Radevormwald<\/figcaption><\/figure>\n<figure id=\"attachment_116\" class=\"thumbnail wp-caption alignleft\" style=\"width: 155px\"><img loading=\"lazy\" decoding=\"async\" class=\"wp-image-116 \" src=\"https:\/\/maler-evertsberg.de\/radevormwald\/wp-content\/uploads\/2021\/01\/evertsberg-5-xl-211x300.jpg\" alt=\"Abb.: Abwaschbarer Wandbelag (Tapete) im Johanniter Krankenhaus Radevormwald\" width=\"155\" height=\"220\" srcset=\"https:\/\/maler-evertsberg.de\/radevormwald\/wp-content\/uploads\/2021\/01\/evertsberg-5-xl-211x300.jpg 211w, https:\/\/maler-evertsberg.de\/radevormwald\/wp-content\/uploads\/2021\/01\/evertsberg-5-xl-366x520.jpg 366w, https:\/\/maler-evertsberg.de\/radevormwald\/wp-content\/uploads\/2021\/01\/evertsberg-5-xl.jpg 422w\" sizes=\"auto, (max-width: 155px) 100vw, 155px\" \/><figcaption class=\"caption wp-caption-text\">Abb.: Abwaschbarer Wandbelag (Tapete) im Johanniter Krankenhaus Radevormwald<\/figcaption><\/figure>\n","protected":false},"excerpt":{"rendered":"<p>Industrieanstriche, strapazierf\u00e4hige und abwaschbare Wandbel\u00e4ge Unsere Industriekunden haben die unterschiedlichsten Anforderungen an B\u00f6den und W\u00e4nde. Die Boden- und Wandbel\u00e4ge sind z.T. hohen mechanischen, chemischen und thermischen Belastungen ausgesetzt, zudem sollen die W\u00e4nde und B\u00f6den auch sch\u00f6n aussehen und eine lange &hellip; <a class=\"kt-excerpt-readmore\" href=\"https:\/\/maler-evertsberg.de\/radevormwald\/industrieanstriche\/\" aria-label=\"Industrieanstriche\">Read More<\/a><\/p>\n","protected":false},"author":1,"featured_media":104,"parent":0,"menu_order":0,"comment_status":"closed","ping_status":"closed","template":"page-feature.php","meta":{"kt_blocks_editor_width":"","footnotes":""},"class_list":["post-36","page","type-page","status-publish","has-post-thumbnail","hentry"],"_links":{"self":[{"href":"https:\/\/maler-evertsberg.de\/radevormwald\/wp-json\/wp\/v2\/pages\/36","targetHints":{"allow":["GET"]}}],"collection":[{"href":"https:\/\/maler-evertsberg.de\/radevormwald\/wp-json\/wp\/v2\/pages"}],"about":[{"href":"https:\/\/maler-evertsberg.de\/radevormwald\/wp-json\/wp\/v2\/types\/page"}],"author":[{"embeddable":true,"href":"https:\/\/maler-evertsberg.de\/radevormwald\/wp-json\/wp\/v2\/users\/1"}],"replies":[{"embeddable":true,"href":"https:\/\/maler-evertsberg.de\/radevormwald\/wp-json\/wp\/v2\/comments?post=36"}],"version-history":[{"count":9,"href":"https:\/\/maler-evertsberg.de\/radevormwald\/wp-json\/wp\/v2\/pages\/36\/revisions"}],"predecessor-version":[{"id":166,"href":"https:\/\/maler-evertsberg.de\/radevormwald\/wp-json\/wp\/v2\/pages\/36\/revisions\/166"}],"wp:featuredmedia":[{"embeddable":true,"href":"https:\/\/maler-evertsberg.de\/radevormwald\/wp-json\/wp\/v2\/media\/104"}],"wp:attachment":[{"href":"https:\/\/maler-evertsberg.de\/radevormwald\/wp-json\/wp\/v2\/media?parent=36"}],"curies":[{"name":"wp","href":"https:\/\/api.w.org\/{rel}","templated":true}]}}