{"id":38,"date":"2021-01-05T09:33:58","date_gmt":"2021-01-05T08:33:58","guid":{"rendered":"https:\/\/maler-evertsberg.de\/radevormwald\/?page_id=38"},"modified":"2021-01-25T08:38:42","modified_gmt":"2021-01-25T07:38:42","slug":"seniorenservice","status":"publish","type":"page","link":"https:\/\/maler-evertsberg.de\/radevormwald\/seniorenservice\/","title":{"rendered":"Seniorenservice"},"content":{"rendered":"<div class=\"row\"> <div class=\"col-md-6  \">\n<strong>Gut beraten.<\/strong><br \/>\nWir nehmen uns noch die Zeit f\u00fcr die intensive Beratung. Egal, ob bei Ihnen zu Hause oder bei uns im B\u00fcro. Bei unserem speziellen Service f\u00fcr Senioren sprechen wir in pers\u00f6nlicher Atmosph\u00e4re \u00fcber die anstehende Renovierung Ihrer Wohnung oder die Sanierung Ihres Hauses. W\u00e4hrend Sie eine Tasse Kaffee genie\u00dfen, sagen wir Ihnen, welche Farben, Tapeten und Lacke Ihr<br \/>\nZuhause versch\u00f6nern. Und wenn Sie sich entschieden haben, dann k\u00f6nnen Sie sich dank unseres freundlichen Komplett-Service v\u00f6llig entspannen.<\/p>\n<p><strong>Wir packen\u00b4s f\u00fcr Sie.<\/strong><br \/>\nSchieben Sie die f\u00e4llige Renovierung nicht auf die lange Bank.<br \/>\nSchlie\u00dflich brauchen Sie sich bei unserem freundlichen Komplett-<br \/>\nService um nichts mehr zu k\u00fcmmern.<\/p>\n<\/div><div class=\"col-md-6  \">\n<strong>Wir verpacken professionell Ihre M\u00f6bel<\/strong><br \/>\nund richten nach der Renovierung wieder alles genau nach Ihren W\u00fcnschen ein. Gerade im wohlverdienten Ruhestand ist es doch wichtig, dass man(n) und Frau sich zu Hause wohl und geborgen f\u00fchlen.<\/p>\n<p>Wir erstellen Ihnen ein kostenloses Angebot und wenn Sie sich f\u00fcr uns entscheiden, dann k\u00fcmmern wir uns um den Rest!<br \/>\n<strong>Und ganz wichtig:<\/strong><br \/>\nWir machen alles wieder sauber und sorgen am Schlu\u00df daf\u00fcr, dass alles wieder an seinem gewohnten Platz steht. F\u00fcr Sie eine rundum gem\u00fctliche Renovierung: Lehnen Sie sich zur\u00fcck und lassen Sie UNS f\u00fcr SICH arbeiten. Als handwerklicher Dienstleister und Innungsfachbetrieb garantieren wir eine korrekte und saubere Ausf\u00fchrung &#8211; p\u00fcnktlich und zuverl\u00e4ssig.<br \/>\n<\/div><\/div>\n","protected":false},"excerpt":{"rendered":"","protected":false},"author":1,"featured_media":92,"parent":0,"menu_order":0,"comment_status":"closed","ping_status":"closed","template":"page-feature.php","meta":{"kt_blocks_editor_width":"","footnotes":""},"class_list":["post-38","page","type-page","status-publish","has-post-thumbnail","hentry"],"_links":{"self":[{"href":"https:\/\/maler-evertsberg.de\/radevormwald\/wp-json\/wp\/v2\/pages\/38","targetHints":{"allow":["GET"]}}],"collection":[{"href":"https:\/\/maler-evertsberg.de\/radevormwald\/wp-json\/wp\/v2\/pages"}],"about":[{"href":"https:\/\/maler-evertsberg.de\/radevormwald\/wp-json\/wp\/v2\/types\/page"}],"author":[{"embeddable":true,"href":"https:\/\/maler-evertsberg.de\/radevormwald\/wp-json\/wp\/v2\/users\/1"}],"replies":[{"embeddable":true,"href":"https:\/\/maler-evertsberg.de\/radevormwald\/wp-json\/wp\/v2\/comments?post=38"}],"version-history":[{"count":4,"href":"https:\/\/maler-evertsberg.de\/radevormwald\/wp-json\/wp\/v2\/pages\/38\/revisions"}],"predecessor-version":[{"id":179,"href":"https:\/\/maler-evertsberg.de\/radevormwald\/wp-json\/wp\/v2\/pages\/38\/revisions\/179"}],"wp:featuredmedia":[{"embeddable":true,"href":"https:\/\/maler-evertsberg.de\/radevormwald\/wp-json\/wp\/v2\/media\/92"}],"wp:attachment":[{"href":"https:\/\/maler-evertsberg.de\/radevormwald\/wp-json\/wp\/v2\/media?parent=38"}],"curies":[{"name":"wp","href":"https:\/\/api.w.org\/{rel}","templated":true}]}}