{"id":40,"date":"2021-01-05T09:34:14","date_gmt":"2021-01-05T08:34:14","guid":{"rendered":"https:\/\/maler-evertsberg.de\/radevormwald\/?page_id=40"},"modified":"2021-01-25T08:32:31","modified_gmt":"2021-01-25T07:32:31","slug":"allergikerfarben-farben-und-tapeten-gegen-elektrosmog","status":"publish","type":"page","link":"https:\/\/maler-evertsberg.de\/radevormwald\/allergikerfarben-farben-und-tapeten-gegen-elektrosmog\/","title":{"rendered":"Allergikerfarben, Farben und Tapeten gegen Elektrosmog"},"content":{"rendered":"<p>F\u00fcr ein gesundes Raumklima<\/p>\n<p>Die neuen Wellness-Farben von Caparol bieten innovative L\u00f6sungen f\u00fcr ein gesundes Raumklima<br \/>\nim Haus. Die Wirksamkeit der Farben ist best\u00e4tigt von unabh\u00e4ngigen Instituten wie dem T\u00dcV.<\/p>\n<p>&nbsp;<\/p>\n<div class=\"row\"> <div class=\"col-md-4  \">\n<p><img loading=\"lazy\" decoding=\"async\" class=\"wp-image-168 size-full alignnone\" src=\"https:\/\/maler-evertsberg.de\/radevormwald\/wp-content\/uploads\/2021\/01\/ec.jpg\" alt=\"\" width=\"260\" height=\"190\" \/><\/p>\n<p>ElectroShield &#8211; Schutz vor Elektrosmog<br \/>\nWasserverd\u00fcnnbare Grundbeschichtung, die elektromagnetische Strahlung um mehr als 99,5% abschirmt.<\/p>\n<\/div><div class=\"col-md-4  \">\n<p><img loading=\"lazy\" decoding=\"async\" class=\"wp-image-170 size-full alignnone\" src=\"https:\/\/maler-evertsberg.de\/radevormwald\/wp-content\/uploads\/2021\/01\/se.jpg\" alt=\"\" width=\"260\" height=\"190\" \/><\/p>\n<p>Caparol Sensitiv &#8211; Umweltraumfarbe f\u00fcr Allergiker<\/p>\n<p>T\u00dcV-gepr\u00fcfte Innenfarbe ohne Konservierungsstoffe,<br \/>\nL\u00f6semittel und Weichmacher \u2013 f\u00fcr Allergiker geeignet.<\/p>\n<\/div><div class=\"col-md-4  \">\n<p><img loading=\"lazy\" decoding=\"async\" class=\"wp-image-169 size-full alignnone\" src=\"https:\/\/maler-evertsberg.de\/radevormwald\/wp-content\/uploads\/2021\/01\/cs.jpg\" alt=\"\" width=\"260\" height=\"190\" \/><\/p>\n<p>CapaSan &#8211; Climaaktive Innenfarbe<\/p>\n<p>CapaSan befreit durch photokatalytischen Effekt<br \/>\ndie Luft von Schadstoffen.<br \/>\nOrganische Substanzen werden abgebaut.<\/p>\n<\/div><\/div>\n<p>&nbsp;<\/p>\n","protected":false},"excerpt":{"rendered":"<p>F\u00fcr ein gesundes Raumklima Die neuen Wellness-Farben von Caparol bieten innovative L\u00f6sungen f\u00fcr ein gesundes Raumklima im Haus. Die Wirksamkeit der Farben ist best\u00e4tigt von unabh\u00e4ngigen Instituten wie dem T\u00dcV. &nbsp; &nbsp;<\/p>\n","protected":false},"author":1,"featured_media":93,"parent":0,"menu_order":0,"comment_status":"closed","ping_status":"closed","template":"page-feature.php","meta":{"kt_blocks_editor_width":"","footnotes":""},"class_list":["post-40","page","type-page","status-publish","has-post-thumbnail","hentry"],"_links":{"self":[{"href":"https:\/\/maler-evertsberg.de\/radevormwald\/wp-json\/wp\/v2\/pages\/40","targetHints":{"allow":["GET"]}}],"collection":[{"href":"https:\/\/maler-evertsberg.de\/radevormwald\/wp-json\/wp\/v2\/pages"}],"about":[{"href":"https:\/\/maler-evertsberg.de\/radevormwald\/wp-json\/wp\/v2\/types\/page"}],"author":[{"embeddable":true,"href":"https:\/\/maler-evertsberg.de\/radevormwald\/wp-json\/wp\/v2\/users\/1"}],"replies":[{"embeddable":true,"href":"https:\/\/maler-evertsberg.de\/radevormwald\/wp-json\/wp\/v2\/comments?post=40"}],"version-history":[{"count":8,"href":"https:\/\/maler-evertsberg.de\/radevormwald\/wp-json\/wp\/v2\/pages\/40\/revisions"}],"predecessor-version":[{"id":176,"href":"https:\/\/maler-evertsberg.de\/radevormwald\/wp-json\/wp\/v2\/pages\/40\/revisions\/176"}],"wp:featuredmedia":[{"embeddable":true,"href":"https:\/\/maler-evertsberg.de\/radevormwald\/wp-json\/wp\/v2\/media\/93"}],"wp:attachment":[{"href":"https:\/\/maler-evertsberg.de\/radevormwald\/wp-json\/wp\/v2\/media?parent=40"}],"curies":[{"name":"wp","href":"https:\/\/api.w.org\/{rel}","templated":true}]}}